{"id":2442,"date":"2018-12-14T21:21:47","date_gmt":"2018-12-14T21:21:47","guid":{"rendered":"https:\/\/kading.hr\/cookie-richtlinie\/"},"modified":"2018-12-19T18:54:34","modified_gmt":"2018-12-19T18:54:34","slug":"cookie-richtlinie","status":"publish","type":"page","link":"https:\/\/kading.hr\/de\/cookie-richtlinie\/","title":{"rendered":"Cookie-Richtlinie"},"content":{"rendered":"\t\t<div data-elementor-type=\"wp-post\" data-elementor-id=\"2442\" class=\"elementor elementor-2442 elementor-1953 elementor-bc-flex-widget\" data-elementor-post-type=\"page\">\n\t\t\t\t\t\t<section class=\"elementor-section elementor-top-section elementor-element elementor-element-c643d2f elementor-section-boxed elementor-section-height-default elementor-section-height-default\" data-id=\"c643d2f\" data-element_type=\"section\" data-e-type=\"section\" data-settings=\"{&quot;background_background&quot;:&quot;classic&quot;}\">\n\t\t\t\t\t\t\t<div class=\"elementor-background-overlay\"><\/div>\n\t\t\t\t\t\t\t<div class=\"elementor-container elementor-column-gap-default\">\n\t\t\t\t\t<div class=\"elementor-column elementor-col-100 elementor-top-column elementor-element elementor-element-2d883abb\" data-id=\"2d883abb\" data-element_type=\"column\" data-e-type=\"column\">\n\t\t\t<div class=\"elementor-widget-wrap elementor-element-populated\">\n\t\t\t\t\t\t<div class=\"elementor-element elementor-element-57e9e62a elementor-widget elementor-widget-spacer\" data-id=\"57e9e62a\" data-element_type=\"widget\" data-e-type=\"widget\" data-widget_type=\"spacer.default\">\n\t\t\t\t<div class=\"elementor-widget-container\">\n\t\t\t\t\t\t\t<div class=\"elementor-spacer\">\n\t\t\t<div class=\"elementor-spacer-inner\"><\/div>\n\t\t<\/div>\n\t\t\t\t\t\t<\/div>\n\t\t\t\t<\/div>\n\t\t\t\t<div class=\"elementor-element elementor-element-2b343bfd elementor-widget elementor-widget-heading\" data-id=\"2b343bfd\" data-element_type=\"widget\" data-e-type=\"widget\" data-widget_type=\"heading.default\">\n\t\t\t\t<div class=\"elementor-widget-container\">\n\t\t\t\t\t<h1 class=\"elementor-heading-title elementor-size-default\">Cookie-Richtlinie<\/h1>\t\t\t\t<\/div>\n\t\t\t\t<\/div>\n\t\t\t\t<div class=\"elementor-element elementor-element-2b0f51bb elementor-widget elementor-widget-spacer\" data-id=\"2b0f51bb\" data-element_type=\"widget\" data-e-type=\"widget\" data-widget_type=\"spacer.default\">\n\t\t\t\t<div class=\"elementor-widget-container\">\n\t\t\t\t\t\t\t<div class=\"elementor-spacer\">\n\t\t\t<div class=\"elementor-spacer-inner\"><\/div>\n\t\t<\/div>\n\t\t\t\t\t\t<\/div>\n\t\t\t\t<\/div>\n\t\t\t\t\t<\/div>\n\t\t<\/div>\n\t\t\t\t\t<\/div>\n\t\t<\/section>\n\t\t\t\t<section class=\"elementor-section elementor-top-section elementor-element elementor-element-1f7d6f57 elementor-hidden-phone elementor-section-boxed elementor-section-height-default elementor-section-height-default\" data-id=\"1f7d6f57\" data-element_type=\"section\" data-e-type=\"section\">\n\t\t\t\t\t\t<div class=\"elementor-container elementor-column-gap-default\">\n\t\t\t\t\t<div class=\"elementor-column elementor-col-100 elementor-top-column elementor-element elementor-element-7211aa0\" data-id=\"7211aa0\" data-element_type=\"column\" data-e-type=\"column\">\n\t\t\t<div class=\"elementor-widget-wrap elementor-element-populated\">\n\t\t\t\t\t\t<div class=\"elementor-element elementor-element-afd34d3 elementor-widget elementor-widget-spacer\" data-id=\"afd34d3\" data-element_type=\"widget\" data-e-type=\"widget\" data-widget_type=\"spacer.default\">\n\t\t\t\t<div class=\"elementor-widget-container\">\n\t\t\t\t\t\t\t<div class=\"elementor-spacer\">\n\t\t\t<div class=\"elementor-spacer-inner\"><\/div>\n\t\t<\/div>\n\t\t\t\t\t\t<\/div>\n\t\t\t\t<\/div>\n\t\t\t\t\t<\/div>\n\t\t<\/div>\n\t\t\t\t\t<\/div>\n\t\t<\/section>\n\t\t\t\t<section class=\"elementor-section elementor-top-section elementor-element elementor-element-3619009 elementor-section-boxed elementor-section-height-default elementor-section-height-default\" data-id=\"3619009\" data-element_type=\"section\" data-e-type=\"section\">\n\t\t\t\t\t\t<div class=\"elementor-container elementor-column-gap-default\">\n\t\t\t\t\t<div class=\"elementor-column elementor-col-100 elementor-top-column elementor-element elementor-element-e2efb5a\" data-id=\"e2efb5a\" data-element_type=\"column\" data-e-type=\"column\">\n\t\t\t<div class=\"elementor-widget-wrap elementor-element-populated\">\n\t\t\t\t\t\t<div class=\"elementor-element elementor-element-dc03c1d elementor-widget elementor-widget-text-editor\" data-id=\"dc03c1d\" data-element_type=\"widget\" data-e-type=\"widget\" data-widget_type=\"text-editor.default\">\n\t\t\t\t<div class=\"elementor-widget-container\">\n\t\t\t\t\t\t\t\t\t<p><strong style=\"font-size: 20px;\">Privatsph\u00e4re der Anwender und Schutz von personenbezogenen Daten<\/strong><\/p>\n<p>Damit diese Webseite ordnungsgem\u00e4\u00df funktionieren kann, und wir in der Lage sind, weitere Verbesserungen der Webseite mit dem Zweck der Verbesserung von Ihrer Web-Browser-Erfahrung durchzuf\u00fchren, muss diese Webseite eine kleine Datenmenge auf dem Computer speichern  (Cookies). \u00dcber 90% aller Webseiten benutzen diese Praxis, aber im Einklang mit dem Gesetz \u00fcber die digitale Kommunikation und dem Gesetz \u00fcber Schutz von personenbezogenen Daten, bevor Cookies  gespeichert werden, m\u00fcssen wir Ihre Erlaubnis daf\u00fcr bekommen. Durch die Blockierung der Cookies k\u00f6nnen Sie immer noch durch die Webseite navigieren, aber manche Eigenschaften werden Ihnen nicht zug\u00e4nglich sein.<br \/>\u00a0<\/p>\n<p><strong style=\"font-size: 20px;\">Was ist ein Cookie?<br \/>\n<\/strong><\/p>\n<p>Ein Cookie ist ein kleines Datenpaket, d.h. eine kleine Datei, die durch die Webseite, die Sie besuchen, auf Ihren Computer gespeichert wird. Normalerweise speichern Cookies Ihre Einstellungen, Einstellungen der Website, wie z.B. bevorzugte Sprache oder Adresse. Sp\u00e4ter, wenn Sie die gleiche Webseite wieder \u00f6ffnen, schickt Ihr Internetbrowser den der Website geh\u00f6renden Cookies zur\u00fcck. Auf diese Weise zeigt die Webseite Informationen im Einklang mit Ihren Bed\u00fcrfnissen.<\/p>\n<p>Cookies k\u00f6nnen ein breites Band von Informationen speichern, einschlie\u00dflich personenbezogenen Daten (wie z.B. Ihr Name oder E-Mail Adresse). Diese Informationen k\u00f6nnen aber nur dann gespeichert werden, wenn Sie es erlauben \u2013 Webseiten keinen Zugang zu den Informationen, die Sie nicht genehmigt haben und haben keinen Zugang zu den Dateien auf Ihrem Rechner oder Smartphone. Festgelegte Aktivit\u00e4ten vom Speichern und Schicken von Cookies sind Ihnen nicht sichtbar. Sie k\u00f6nnen aber Ihre Einstellungen auf dem Internetbrowser \u00e4ndern, so dass Sie selbst ausw\u00e4hlen, Speichern von Cookies zu erlauben oder zu verweigern, gespeicherte Cookies automatisch beim Schlie\u00dfen des Internetbrowsers zu l\u00f6schen usw.<br \/>\u00a0<\/p>\n<p><strong style=\"font-size: 20px;\">Wie kann man Cookies deaktivieren?<\/strong><\/p>\n<p>Durch Deaktivierung von Cookies entscheiden Sie, ob Sie erlauben, dass Cookies auf Ihrem Rechner oder Smartphone gespeichert werden. Cookie Einstellungen k\u00f6nnen in Ihrem Internetbrowser kontrolliert und eingestellt werden. Wenn Sie Cookies deaktivieren, einige Funktionalit\u00e4ten von Webseiten werden Ihnen nicht zug\u00e4nglich sein.<br \/>\u00a0<\/p>\n<p><strong style=\"font-size: 20px;\">Was sind best\u00e4ndige Cookies?<\/strong><\/p>\n<p>Best\u00e4ndige Cookies bleiben auf Ihrem Computer auch nachdem Sie Ihren Internetbrowser geschlossen haben. Webseiten gebrauchen sie, um Daten wie z.B. Benutzername und Passwort zu speichern, so dass Sie sich bei Ihren n\u00e4chsten Besuchen der bestimmten Webseite nicht mehr anmelden m\u00fcssen. Best\u00e4ndige Cookies bleiben auf Ihrem Computer oder Smartphone tage-, monate-, oder sogar jahrelang.<br \/>\u00a0<\/p>\n<p><strong style=\"font-size: 20px;\">Was sind tempor\u00e4re Cookies?<\/strong><\/p>\n<p>Tempor\u00e4re Cookies oder Session Cookies sind nach dem Schlie\u00dfen des Internetbrowsers aus dem Computer entfernt. Webseiten gebrauchen Sie, um tempor\u00e4re Daten zu speichern, wie z.B. Artikel im Warenkorb.<br \/>\u00a0<\/p>\n<p><strong style=\"font-size: 20px;\">Was sind Erstanbieter-Cookies?<\/strong><\/p>\n<p>Erstanbieter-Cookies stammen von den Webseiten, die Sie besuchen, und sie k\u00f6nnen best\u00e4ndig oder tempor\u00e4r sein. Solche Cookies erm\u00f6glichen Webseiten, Daten zu speichern, die bei Ihren n\u00e4chsten Besuchen der bestimmten Webseiten gebraucht werden.<br \/>\u00a0<\/p>\n<p><strong style=\"font-size: 20px;\">Was sind Dritt-Anbieter Cookies?<\/strong><\/p>\n<p>Dritt-Anbieter Cookies stammen von anderen Webseiten (wie z.B. Pop-up-Fenster oder andere Formen von Online-Anzeigen), die sich auf der von Ihnen besuchten Website befinden. Diese Cookies erm\u00f6glichen den Webseiten, Internetgebrauch f\u00fcr Marketingzwecke zu verfolgen.<br \/>\u00a0<\/p>\n<p><strong style=\"font-size: 20px;\">Verwendet diese Webseite Cookies?<\/strong><\/p>\n<p>Ja, mit dem Hauptziel der Sicherung einer besseren Benutzererfahrung beim Besuch von unseren Webseiten. Alle Cookies, die wir verwenden dienen ausschlie\u00dflich dem Zweck der Funktionalit\u00e4t der Webseite im Kontext der Sicherheit und durch den Benutzer ausgew\u00e4hlte Aktivit\u00e4ten (Webformblatt f\u00fcr Nachrichten). Die Webseite verwendet Cookies auch f\u00fcr den Zweck der Funktionalit\u00e4t vom Google Maps Service.<br \/>\u00a0<\/p>\n<p><strong style=\"font-size: 20px;\">Welche Arten von Cookies verwendet diese Webseite und warum?<\/strong><\/p>\n<p>Kading d.o.o. sammelt zwei Arten von Daten durch ihre Webseiten. Das sind die Daten gesammelt durch Verwendung von Cookies und Daten vorgelegt durch Benutzer, die verschiedene Formbl\u00e4tter ausf\u00fcllen, um mehr Infos zu bekommen, oder Online-Bestellscheine schicken usw.<\/p>\n<p>Die durch Cookies gesammelte Daten sind durch Google Analytics festgestellt, und die Arten von Daten sind wie folgt:<\/p>\n<ul>\n<li>Zeitpunkt des laufenden Besuchs zur Webseite.<\/li>\n<li>Eventuelle ehemalige Besuche des Benutzers und der letzte Webseitebesuch des Benutzers.<\/li>\n<li>Durch welche Webseite ist der Benutzer zur Kading Webseite gekommen (Erstanbieter-Cookies teilen keine Daten mit anderen Webseiten).<\/li>\n<li>IP Adresse, die wir zur Sammlung von Daten wie z.B. Staat, Bundesland, Stadt gebrauchen (wir nennen diese Daten IP Geolocation). Daten wie z.B. Name, Familienname, E-Mail Adresse, Angaben f\u00fcr Rechnungsstellung werden von Cookies nicht gesammelt.<\/li>\n<li>Dar\u00fcber hinaus, gem\u00e4\u00df Bestimmungen vom Google Analytics Service, ist es den Benutzern von Analytics streng verboten, Daten zu sammeln, die personenbezogene Daten mit Google Analytics Daten verbinden w\u00fcrden.  Durch Benutzer erhaltene Daten variieren je nach ihrem Zweck. Allerdings sollten Sie beachten, dass die Online-Formbl\u00e4tter im Einklang mit den globalen und lokalen Gesetzen und Verordnungen gestaltet sind.<\/li>\n<\/ul>\n<p>\u00a0<\/p>\n<p><strong style=\"font-size: 20px;\">Schutz von personenbezogenen Daten<\/strong><\/p>\n<p>Kading d.o.o. gibt daf\u00fcr Gew\u00e4hrleistung, dass alle personenbezogene Daten des Benutzers im Einklang mit den lokalen, europ\u00e4ischen und internationalen Gesetzen und Verordnungen gespeichert sind. Daten Die durch Cookies gesammelten Daten werden durch Google gespeichert. Erfahren Sie mehr \u00fcber Google Policy \u00fcber Datenschutzbestimmungen der personenbezogenen Daten.<br \/>\u00a0<\/p>\n<p><strong style=\"font-size: 20px;\">Wie kann man Cookies blockieren und vermeiden?<\/strong><\/p>\n<p>Internet Explorer:<\/p>\n<ol>\n<li>W\u00e4hlen Sie in Ihrem Browser Tools Button und selektieren Sie Internet Options > Privacy > Advanced<\/li>\n<li>W\u00e4hlen Sie Override automatic cookie handling.<\/li>\n<li>Bestimmen Sie die Einstellungen f\u00fcr den Umgang des Internet Explorers mit den Cookies von Erstanbieter-Webseiten und Dritt-Anbieter Webseiten  (Webseiten, neben der Webseite, die Sie gerade besuchen).<\/li>\n<li>Damit Sie es erm\u00f6glichen, dass Cookies immer auf Ihrem Computer gespeichert werden, w\u00e4hlen Sie Accept.<\/li>\n<li>Wenn Sie speichern von Cookes auf Computer blockieren m\u00f6chten, w\u00e4hlen Sie Block.<\/li>\n<li>Wenn Sie gefragt werden m\u00f6chten, Speichern von Cookies zu erlauben oder zu verweigern, w\u00e4hlen Sie Prompt.<\/li>\n<li>Damit Sie es erm\u00f6glichen, dass Cookie Sessions (Cookies, die nach dem Schlie\u00dfen des Internet Explorers vom Ihren Computer gel\u00f6scht werden) immer auf Ihrem Computer gespeichert werden, w\u00e4hlen Sie Always allow session cookies.<\/li>\n<\/ol>\n<p>Google Chrome:<\/p>\n<ol>\n<li>Klicken Sie auf \u201eFrench key\u201c Symbol in der Symbolleiste.<\/li>\n<li>W\u00e4hlen Sie Options (Preferences on Mac and Linux; Settings on Chromebook).<\/li>\n<li>Klicken Sie auf den Knopf Under the Hood.<\/li>\n<li>Klicken Sie auf Content settings in der &#8222;Privacy&#8220; Sektion.<\/li>\n<li>Klicken Sie auf den Knopf Cookies im aufgezeigten Dialog Content Settings.<\/li>\n<\/ol>\n<p><strong>Cookies l\u00f6schen<\/strong><\/p>\n<ol>\n<li>Klicken Sie auf All cookies und Site Data, um den Dialog Cookies and Other Data zu \u00f6ffnen.<\/li>\n<li>Damit alle Cookies gel\u00f6scht werden, klicken Sie auf Remove Knopf am unteren Ende des Dialogs. Um ein spezifisches Cookie zu l\u00f6schen, w\u00e4hlen Sie die Webseite, die das Cookie erstellt hat, w\u00e4hlen Sie danach das Cookie und klicken Sie auf Remove.<\/li>\n<\/ol>\n<p>\u00a0<\/p>\n<p><strong style=\"font-size: 20px;\">Voreingestellte Blockierung von Cookies<\/strong><\/p>\n<ol>\n<li>Blockieren von allen Cookies: w\u00e4hlen Sie &#8222;Block sites from setting any data.&#8220; Bitte, beachten Sie, dass die Auswahl dieser Option die Funktionalit\u00e4t von meisten Webseiten, bei denen Anmeldung durch Benutzername und Kennwort verlangt ist, deaktiviert sein wird. Sie werden Symbol in der Symbolleiste sehen jedes Mal wenn ein Cookie blockiert wird.<\/li>\n<li>Blockieren von Dritt-Anbieter Cookies: w\u00e4hlen Sie das Feld &#8222;Ignore exceptions and block third-party cookies from being set&#8220;. Auch wenn Sie einzelne Webseiten auf die Ausnahmeliste gestellt haben und die Verwendung von ihren Cookies erlaubt haben, werden die Dritt-Anbieter Cookies auf dieser Webseite nicht erlaubt, falls dieses Feld markiert ist.<\/li>\n<\/ol>\n<p>\u00a0<\/p>\n<p><strong style=\"font-size: 20px;\">Cookies erlaubt durch Voreinstellung<\/strong><\/p>\n<p>Beachten Sie, dass Sie &#8222;Allow local data to be set&#8220; w\u00e4hlen, um die Verwendung von Erstanbieter-Cookies und Dritt-Anbieter-Cookies zu erlauben. Wenn Sie nur Erstanbieter-Cookies erlauben wollen, markieren Sie das Feld &#8222;Block all third-party cookies without exception&#8220;.<br \/>\u00a0<\/p>\n<p><strong style=\"font-size: 20px;\">Zulassung von Ausnahmen f\u00fcr bestimmte Webseiten oder Dom\u00e4nen<\/strong><\/p>\n<p>Damit Sie Gebrauch von Cookies f\u00fcr einige bestimmten Webseiten oder Dom\u00e4nen bestimmen k\u00f6nnen, klicken Sie auf Manage exceptions. Um eine Regel in Cookie and Site Data Exceptions Dialog einzuf\u00fcgen, sollten Sie die folgenden Schritte ausf\u00fchren:<\/p>\n<ul>\n<li>Klicken Sie auf das Feld &#8222;Add a new exception pattern&#8220; und tragen Sie den Namen der Dom\u00e4ne, f\u00fcr die Sie eine Ausnahme machen m\u00f6chten.<\/li>\n<li>Damit Sie die Ausnahme f\u00fcr die vollst\u00e4ndige Dom\u00e4ne machen, f\u00fcgen Sie [*.] vor dem Dom\u00e4netitel ein (zum Beispiel [*.]google.com).<\/li>\n<li>Sie k\u00f6nnen auch IP Adresse, IPv6 Adresse oder non-http URL einf\u00fcgen.<\/li>\n<li>Bestimmen Sie im Select-Men\u00fc, ob die Seite Erlaubnis f\u00fcr Erstellung von Cookies haben wird. Wenn Sie die Option \u201eSession only\u201c w\u00e4hlen, werden alle Cookies gel\u00f6scht, wenn Sie Ihren Browser schlie\u00dfen.<\/li>\n<li>Sie k\u00f6nnen dieses Dialog f\u00fcr \u00c4nderungen und L\u00f6schung von Ausnahmen verwenden.<\/li>\n<\/ul>\n<p>\u00a0<\/p>\n<p><strong style=\"font-size: 20px;\">Wie lange gilt die Pflicht der Datenaufbewahrung?<\/strong><\/p>\n<p>Die Pflicht der Datenaufbewahrung endet, wenn die Daten vom Innenministerium oder Justizministerium verlangt werden, um Aufgaben aus ihrer Gerichtsbarkeit zu erf\u00fcllen, wenn die Daten vom Gericht oder vom \u00f6ffentlichen Notar f\u00fcr laufende Prozesse gebraucht werden, in den gesetzlich bestimmten F\u00e4llen im Rahmen der Vorbeugung der Geldw\u00e4scherei und Finanzierung vom Terrorismus, im Rahmen der Bestimmungen des Gesetzes \u00fcber Haftpflichtversicherung im Verkehr,  im Rahmen der Bestimmungen des Gesetzes \u00fcber Besteuerung von ausl\u00e4ndischen Bankkontos von den amerikanischen B\u00fcrgern (FATCA) oder gem\u00e4\u00df  Vereinbarung des automatischen Informationsaustausch der Finanzkontos (CRS), oder wenn die Daten von der Steuerverwaltung oder anderen Kontrollinstanzen f\u00fcr laufende Prozesse in ihrer Zust\u00e4ndigkeit verlangt werden.<br \/>\u00a0<\/p>\n<p><strong style=\"font-size: 20px;\">Zus\u00e4tzliche Informationen \u00fcber Deaktivierung von Cookies<\/strong><\/p>\n<p>Zur Zeit gibt es mehrere Webseiten, die die Deaktivierung vom Speichern von Cookies f\u00fcr verschiedene Dienstleistungen erm\u00f6glichen. Mehrere Informationen sind unter folgenden links verf\u00fcgbar:<\/p>\n<ul>\n<li><u><a style=\"color:black\" href=\"http:\/\/www.allaboutcookies.org\/\">http:\/\/www.allaboutcookies.org\/<\/a><\/u><\/li>\n<li><u><a style=\"color:black\" href=\"http:\/\/www.youronlinechoices.eu\/\">http:\/\/www.youronlinechoices.eu\/<\/a><\/u><\/li>\n<\/ul>\n\t\t\t\t\t\t\t\t<\/div>\n\t\t\t\t<\/div>\n\t\t\t\t\t<\/div>\n\t\t<\/div>\n\t\t\t\t\t<\/div>\n\t\t<\/section>\n\t\t\t\t<section class=\"elementor-section elementor-top-section elementor-element elementor-element-9cd1672 elementor-section-full_width elementor-section-height-default elementor-section-height-default\" data-id=\"9cd1672\" data-element_type=\"section\" data-e-type=\"section\" data-settings=\"{&quot;background_background&quot;:&quot;classic&quot;}\">\n\t\t\t\t\t\t<div class=\"elementor-container elementor-column-gap-default\">\n\t\t\t\t\t<div class=\"elementor-column elementor-col-100 elementor-top-column elementor-element elementor-element-ec6af64\" data-id=\"ec6af64\" data-element_type=\"column\" data-e-type=\"column\">\n\t\t\t<div class=\"elementor-widget-wrap elementor-element-populated\">\n\t\t\t\t\t\t<div class=\"elementor-element elementor-element-6a94941 elementor-button-info elementor-align-center elementor-widget elementor-widget-button\" data-id=\"6a94941\" data-element_type=\"widget\" data-e-type=\"widget\" data-widget_type=\"button.default\">\n\t\t\t\t<div class=\"elementor-widget-container\">\n\t\t\t\t\t\t\t\t\t<div class=\"elementor-button-wrapper\">\n\t\t\t\t\t<a class=\"elementor-button elementor-button-link elementor-size-sm\" href=\"https:\/\/kading.hr\/kontakt\/?lang=de\" id=\"block\">\n\t\t\t\t\t\t<span class=\"elementor-button-content-wrapper\">\n\t\t\t\t\t\t\t\t\t<span class=\"elementor-button-text\">Arbeiten wir zusammen<\/span>\n\t\t\t\t\t<\/span>\n\t\t\t\t\t<\/a>\n\t\t\t\t<\/div>\n\t\t\t\t\t\t\t\t<\/div>\n\t\t\t\t<\/div>\n\t\t\t\t\t<\/div>\n\t\t<\/div>\n\t\t\t\t\t<\/div>\n\t\t<\/section>\n\t\t\t\t<\/div>\n\t\t","protected":false},"excerpt":{"rendered":"<p>Cookie-Richtlinie Privatsph\u00e4re der Anwender und Schutz von personenbezogenen Daten Damit diese Webseite ordnungsgem\u00e4\u00df funktionieren kann, und wir in der Lage sind, weitere Verbesserungen der Webseite mit dem Zweck der Verbesserung von Ihrer Web-Browser-Erfahrung durchzuf\u00fchren, muss diese Webseite eine kleine Datenmenge auf dem Computer speichern (Cookies). \u00dcber 90% aller Webseiten benutzen diese Praxis, aber im Einklang [&hellip;]<\/p>\n","protected":false},"author":2,"featured_media":0,"parent":0,"menu_order":0,"comment_status":"closed","ping_status":"open","template":"elementor_header_footer","meta":{"_exactmetrics_skip_tracking":false,"_exactmetrics_sitenote_active":false,"_exactmetrics_sitenote_note":"","_exactmetrics_sitenote_category":0,"site-sidebar-layout":"no-sidebar","site-content-layout":"page-builder","ast-site-content-layout":"default","site-content-style":"default","site-sidebar-style":"default","ast-global-header-display":"","ast-banner-title-visibility":"","ast-main-header-display":"","ast-hfb-above-header-display":"","ast-hfb-below-header-display":"","ast-hfb-mobile-header-display":"","site-post-title":"disabled","ast-breadcrumbs-content":"","ast-featured-img":"disabled","footer-sml-layout":"","ast-disable-related-posts":"","theme-transparent-header-meta":"default","adv-header-id-meta":"","stick-header-meta":"default","header-above-stick-meta":"","header-main-stick-meta":"","header-below-stick-meta":"","astra-migrate-meta-layouts":"default","ast-page-background-enabled":"default","ast-page-background-meta":{"desktop":{"background-color":"","background-image":"","background-repeat":"repeat","background-position":"center center","background-size":"auto","background-attachment":"scroll","background-type":"","background-media":"","overlay-type":"","overlay-color":"","overlay-opacity":"","overlay-gradient":""},"tablet":{"background-color":"","background-image":"","background-repeat":"repeat","background-position":"center center","background-size":"auto","background-attachment":"scroll","background-type":"","background-media":"","overlay-type":"","overlay-color":"","overlay-opacity":"","overlay-gradient":""},"mobile":{"background-color":"","background-image":"","background-repeat":"repeat","background-position":"center center","background-size":"auto","background-attachment":"scroll","background-type":"","background-media":"","overlay-type":"","overlay-color":"","overlay-opacity":"","overlay-gradient":""}},"ast-content-background-meta":{"desktop":{"background-color":"var(--ast-global-color-5)","background-image":"","background-repeat":"repeat","background-position":"center center","background-size":"auto","background-attachment":"scroll","background-type":"","background-media":"","overlay-type":"","overlay-color":"","overlay-opacity":"","overlay-gradient":""},"tablet":{"background-color":"var(--ast-global-color-5)","background-image":"","background-repeat":"repeat","background-position":"center center","background-size":"auto","background-attachment":"scroll","background-type":"","background-media":"","overlay-type":"","overlay-color":"","overlay-opacity":"","overlay-gradient":""},"mobile":{"background-color":"var(--ast-global-color-5)","background-image":"","background-repeat":"repeat","background-position":"center center","background-size":"auto","background-attachment":"scroll","background-type":"","background-media":"","overlay-type":"","overlay-color":"","overlay-opacity":"","overlay-gradient":""}},"footnotes":""},"yst_prominent_words":[],"class_list":["post-2442","page","type-page","status-publish","hentry"],"_links":{"self":[{"href":"https:\/\/kading.hr\/de\/wp-json\/wp\/v2\/pages\/2442","targetHints":{"allow":["GET"]}}],"collection":[{"href":"https:\/\/kading.hr\/de\/wp-json\/wp\/v2\/pages"}],"about":[{"href":"https:\/\/kading.hr\/de\/wp-json\/wp\/v2\/types\/page"}],"author":[{"embeddable":true,"href":"https:\/\/kading.hr\/de\/wp-json\/wp\/v2\/users\/2"}],"replies":[{"embeddable":true,"href":"https:\/\/kading.hr\/de\/wp-json\/wp\/v2\/comments?post=2442"}],"version-history":[{"count":3,"href":"https:\/\/kading.hr\/de\/wp-json\/wp\/v2\/pages\/2442\/revisions"}],"predecessor-version":[{"id":2559,"href":"https:\/\/kading.hr\/de\/wp-json\/wp\/v2\/pages\/2442\/revisions\/2559"}],"wp:attachment":[{"href":"https:\/\/kading.hr\/de\/wp-json\/wp\/v2\/media?parent=2442"}],"wp:term":[{"taxonomy":"yst_prominent_words","embeddable":true,"href":"https:\/\/kading.hr\/de\/wp-json\/wp\/v2\/yst_prominent_words?post=2442"}],"curies":[{"name":"wp","href":"https:\/\/api.w.org\/{rel}","templated":true}]}}